{"id":6,"date":"2025-04-17T14:33:22","date_gmt":"2025-04-17T14:33:22","guid":{"rendered":"https:\/\/xn--grdvedamasseuse-hlb.com\/?page_id=6"},"modified":"2025-05-27T09:44:26","modified_gmt":"2025-05-27T09:44:26","slug":"gardveda-masseuse","status":"publish","type":"page","link":"https:\/\/xn--grdvedamasseuse-hlb.com\/","title":{"rendered":"G\u00e5rdveda masseuse"},"content":{"rendered":"\n<div class=\"wp-block-group alignfull is-style-section-1 has-global-padding is-layout-constrained wp-block-group-is-layout-constrained is-style-section-1--1\" style=\"margin-top:0;margin-bottom:0;padding-top:var(--wp--preset--spacing--80);padding-bottom:var(--wp--preset--spacing--80)\">\n<div class=\"wp-block-columns alignwide is-layout-flex wp-container-core-columns-is-layout-66fad18a wp-block-columns-is-layout-flex\">\n<div class=\"wp-block-column is-layout-flow wp-block-column-is-layout-flow\" style=\"padding-right:var(--wp--preset--spacing--50);flex-basis:45%\">\n<figure class=\"wp-block-image size-full is-resized\"><img loading=\"lazy\" decoding=\"async\" width=\"2560\" height=\"1224\" src=\"https:\/\/xn--grdvedamasseuse-hlb.com\/wp-content\/uploads\/2025\/05\/491004349_702955118867739_1180354550934279711_n-scaled.jpg\" alt=\"\" class=\"wp-image-77\" style=\"width:543px;height:auto\" srcset=\"https:\/\/xn--grdvedamasseuse-hlb.com\/wp-content\/uploads\/2025\/05\/491004349_702955118867739_1180354550934279711_n-scaled.jpg 2560w, https:\/\/xn--grdvedamasseuse-hlb.com\/wp-content\/uploads\/2025\/05\/491004349_702955118867739_1180354550934279711_n-300x143.jpg 300w, https:\/\/xn--grdvedamasseuse-hlb.com\/wp-content\/uploads\/2025\/05\/491004349_702955118867739_1180354550934279711_n-1024x490.jpg 1024w, https:\/\/xn--grdvedamasseuse-hlb.com\/wp-content\/uploads\/2025\/05\/491004349_702955118867739_1180354550934279711_n-768x367.jpg 768w, https:\/\/xn--grdvedamasseuse-hlb.com\/wp-content\/uploads\/2025\/05\/491004349_702955118867739_1180354550934279711_n-1536x735.jpg 1536w, https:\/\/xn--grdvedamasseuse-hlb.com\/wp-content\/uploads\/2025\/05\/491004349_702955118867739_1180354550934279711_n-2048x979.jpg 2048w\" sizes=\"auto, (max-width: 2560px) 100vw, 2560px\" \/><\/figure>\n\n\n\n<div class=\"wp-block-group has-global-padding is-layout-constrained wp-block-group-is-layout-constrained\" style=\"margin-top:-12vw\"><\/div>\n<\/div>\n\n\n\n<div class=\"wp-block-column is-vertically-aligned-center is-layout-flow wp-block-column-is-layout-flow\" style=\"padding-right:0;padding-left:0;flex-basis:50%\">\n<div class=\"wp-block-group is-nowrap is-layout-flex wp-container-core-group-is-layout-6c531013 wp-block-group-is-layout-flex\">\n<p class=\"has-text-color has-link-color has-x-large-font-size wp-elements-9d30889643c5ac527d46a6457186e5e3\" style=\"color:#036b56\"><strong>Maximal komfort utan stress<\/strong><\/p>\n<\/div>\n\n\n\n<p class=\"is-style-default\">V\u00e5ra tj\u00e4nster inkluderar klassisk svensk massage, hot stone-massage, fotspa-terapi och andra skr\u00e4ddarsydda massagebehandlingar. Med fokus p\u00e5 att erbjuda en avslappnande och \u00e5terh\u00e4mtande upplevelse v\u00e4nder vi oss till b\u00e5de m\u00e4n &amp; kvinnor i alla \u00e5ldrar.<\/p>\n<\/div>\n<\/div>\n<\/div>\n\n\n\n<div class=\"wp-block-group alignfull has-base-background-color has-background has-global-padding is-layout-constrained wp-container-core-group-is-layout-ebee8dc1 wp-block-group-is-layout-constrained\" style=\"margin-top:0;margin-bottom:0;padding-top:var(--wp--preset--spacing--50);padding-bottom:var(--wp--preset--spacing--50)\">\n<h2 class=\"wp-block-heading alignwide\">V\u00e5ra tj\u00e4nster<\/h2>\n\n\n\n<div class=\"wp-block-columns alignwide is-layout-flex wp-container-core-columns-is-layout-28f84493 wp-block-columns-is-layout-flex\">\n<div class=\"wp-block-column is-layout-flow wp-block-column-is-layout-flow\">\n<figure class=\"wp-block-image size-full\" style=\"margin-bottom:24px\"><img loading=\"lazy\" decoding=\"async\" width=\"1248\" height=\"1246\" src=\"https:\/\/xn--grdvedamasseuse-hlb.com\/wp-content\/uploads\/2025\/04\/gvm-service-a.png\" alt=\"\" class=\"wp-image-19\" style=\"aspect-ratio:4\/3;object-fit:cover\" srcset=\"https:\/\/xn--grdvedamasseuse-hlb.com\/wp-content\/uploads\/2025\/04\/gvm-service-a.png 1248w, https:\/\/xn--grdvedamasseuse-hlb.com\/wp-content\/uploads\/2025\/04\/gvm-service-a-300x300.png 300w, https:\/\/xn--grdvedamasseuse-hlb.com\/wp-content\/uploads\/2025\/04\/gvm-service-a-1024x1022.png 1024w, https:\/\/xn--grdvedamasseuse-hlb.com\/wp-content\/uploads\/2025\/04\/gvm-service-a-150x150.png 150w, https:\/\/xn--grdvedamasseuse-hlb.com\/wp-content\/uploads\/2025\/04\/gvm-service-a-768x767.png 768w\" sizes=\"auto, (max-width: 1248px) 100vw, 1248px\" \/><\/figure>\n\n\n\n<h3 class=\"wp-block-heading\">Boutique Spa Experience<\/h3>\n\n\n\n<p class=\"has-medium-font-size\">En exklusiv boutique-spa- upplevelse i v\u00e5r egna Friskv\u00e5rds atelj\u00e9. V\u00e5rt spa erbjuder en unik atmosf\u00e4r, d\u00e4r varje detalj \u00e4r noggrant utformad f\u00f6r att ge dig en of\u00f6rgl\u00f6mlig och livsf\u00f6r\u00e4ndrande upplevelse. L\u00e5t dig svepas bort i en v\u00e4rld av lugn och v\u00e4lm\u00e5ende, d\u00e4r du f\u00e5r chansen att \u00e5terst\u00e4lla kropp och sj\u00e4l i en milj\u00f6 av lyx och harmoni.<\/p>\n\n\n\n<div class=\"wp-block-buttons is-content-justification-center is-layout-flex wp-container-core-buttons-is-layout-a89b3969 wp-block-buttons-is-layout-flex\">\n<div class=\"wp-block-button\"><a class=\"wp-block-button__link has-text-align-center wp-element-button\" href=\"https:\/\/calendly.com\/gmasseuse2024\" target=\"_blank\" rel=\"noreferrer noopener\">Boka<\/a><\/div>\n<\/div>\n<\/div>\n\n\n\n<div class=\"wp-block-column is-layout-flow wp-block-column-is-layout-flow\">\n<figure class=\"wp-block-image size-full\" style=\"margin-bottom:24px\"><img loading=\"lazy\" decoding=\"async\" width=\"1246\" height=\"1244\" src=\"https:\/\/xn--grdvedamasseuse-hlb.com\/wp-content\/uploads\/2025\/04\/gvm-service-b.png\" alt=\"\" class=\"wp-image-18\" style=\"aspect-ratio:4\/3;object-fit:cover\" srcset=\"https:\/\/xn--grdvedamasseuse-hlb.com\/wp-content\/uploads\/2025\/04\/gvm-service-b.png 1246w, https:\/\/xn--grdvedamasseuse-hlb.com\/wp-content\/uploads\/2025\/04\/gvm-service-b-300x300.png 300w, https:\/\/xn--grdvedamasseuse-hlb.com\/wp-content\/uploads\/2025\/04\/gvm-service-b-1024x1022.png 1024w, https:\/\/xn--grdvedamasseuse-hlb.com\/wp-content\/uploads\/2025\/04\/gvm-service-b-150x150.png 150w, https:\/\/xn--grdvedamasseuse-hlb.com\/wp-content\/uploads\/2025\/04\/gvm-service-b-768x767.png 768w\" sizes=\"auto, (max-width: 1246px) 100vw, 1246px\" \/><\/figure>\n\n\n\n<h3 class=\"wp-block-heading\">Hemma Massagetj\u00e4nster<\/h3>\n\n\n\n<p class=\"has-medium-font-size\">G\u00e5rdveda Masseuse erbjuder hem behandlingar med enbart 30% prisp\u00e5slag p\u00e5 v\u00e5ra ordinarie spabehandlingar. Genom att boka en hemmabehandling kan du njuta av v\u00e5ra professionella massagebehandlingar i bekv\u00e4mligheten av ditt eget hem, utan att beh\u00f6va resa. Oavsett om du vill slappna av, lindra stress eller \u00e5terf\u00e5 energi, tar vi med oss den avslappnade atmosf\u00e4ren fr\u00e5n G\u00e5rdveda direkt hem till dig.<\/p>\n\n\n\n<div class=\"wp-block-buttons is-content-justification-center is-layout-flex wp-container-core-buttons-is-layout-a89b3969 wp-block-buttons-is-layout-flex\">\n<div class=\"wp-block-button\"><a class=\"wp-block-button__link wp-element-button\" href=\"https:\/\/calendly.com\/gmasseuse2024\" target=\"_blank\" rel=\"noreferrer noopener\">Boka<\/a><\/div>\n<\/div>\n<\/div>\n\n\n\n<div class=\"wp-block-column is-layout-flow wp-block-column-is-layout-flow\">\n<figure class=\"wp-block-image size-full\" style=\"margin-bottom:24px\"><img loading=\"lazy\" decoding=\"async\" width=\"1246\" height=\"1246\" src=\"https:\/\/xn--grdvedamasseuse-hlb.com\/wp-content\/uploads\/2025\/04\/gvm-service-c.png\" alt=\"\" class=\"wp-image-17\" style=\"aspect-ratio:4\/3;object-fit:cover\" srcset=\"https:\/\/xn--grdvedamasseuse-hlb.com\/wp-content\/uploads\/2025\/04\/gvm-service-c.png 1246w, https:\/\/xn--grdvedamasseuse-hlb.com\/wp-content\/uploads\/2025\/04\/gvm-service-c-300x300.png 300w, https:\/\/xn--grdvedamasseuse-hlb.com\/wp-content\/uploads\/2025\/04\/gvm-service-c-1024x1024.png 1024w, https:\/\/xn--grdvedamasseuse-hlb.com\/wp-content\/uploads\/2025\/04\/gvm-service-c-150x150.png 150w, https:\/\/xn--grdvedamasseuse-hlb.com\/wp-content\/uploads\/2025\/04\/gvm-service-c-768x768.png 768w\" sizes=\"auto, (max-width: 1246px) 100vw, 1246px\" \/><\/figure>\n\n\n\n<h3 class=\"wp-block-heading\">F\u00f6retags- och event massage<\/h3>\n\n\n\n<p class=\"has-medium-font-size\">G\u00e5rdveda Masseuse erbjuder massagebehandlingar f\u00f6r<br>f\u00f6retag, verksamheter och hotell, med fokus p\u00e5 bokningar och eventbaserade tj\u00e4nster. Vi g\u00f6r det enkelt f\u00f6r er genom att erbjuda professionell massage utan att ni beh\u00f6ver g\u00e5 igenom en kostsam och tidskr\u00e4vande rekryteringsprocess. V\u00e5r prisstruktur \u00e4r enkel \u2013 endast 25% p\u00e5slag p\u00e5 v\u00e5ra vanliga behandlingspriser.<\/p>\n\n\n\n<div class=\"wp-block-buttons is-content-justification-center is-layout-flex wp-container-core-buttons-is-layout-a89b3969 wp-block-buttons-is-layout-flex\">\n<div class=\"wp-block-button\"><a class=\"wp-block-button__link wp-element-button\" href=\"https:\/\/calendly.com\/gmasseuse2024\" target=\"_blank\" rel=\"noreferrer noopener\">Boka<\/a><\/div>\n<\/div>\n<\/div>\n<\/div>\n<\/div>\n\n\n\n<div class=\"wp-block-group alignfull has-accent-5-background-color has-background has-global-padding is-layout-constrained wp-block-group-is-layout-constrained\" style=\"margin-top:0;margin-bottom:0;padding-top:var(--wp--preset--spacing--60);padding-bottom:var(--wp--preset--spacing--60)\">\n<div class=\"wp-block-columns alignwide is-layout-flex wp-container-core-columns-is-layout-1d9f35bd wp-block-columns-is-layout-flex\">\n<div class=\"wp-block-column is-layout-flow wp-block-column-is-layout-flow\">\n<p class=\"has-x-large-font-size\"><strong>Varf\u00f6r v\u00e4lja oss?<\/strong><\/p>\n\n\n\n<ul class=\"wp-block-list\">\n<li class=\"has-large-font-size\">Professionell licensierad terapeut<\/li>\n\n\n\n<li class=\"has-large-font-size\">Personlig upplevelse<\/li>\n\n\n\n<li class=\"has-large-font-size\">Aromaterapi &amp; ekologisk kroppsolja<\/li>\n<\/ul>\n<\/div>\n\n\n\n<div class=\"wp-block-column is-layout-flow wp-block-column-is-layout-flow\">\n<figure class=\"wp-block-image size-large\"><img loading=\"lazy\" decoding=\"async\" width=\"1024\" height=\"683\" src=\"https:\/\/xn--grdvedamasseuse-hlb.com\/wp-content\/uploads\/2025\/04\/start_back_stones-1024x683.jpg\" alt=\"\" class=\"wp-image-49\" srcset=\"https:\/\/xn--grdvedamasseuse-hlb.com\/wp-content\/uploads\/2025\/04\/start_back_stones-1024x683.jpg 1024w, https:\/\/xn--grdvedamasseuse-hlb.com\/wp-content\/uploads\/2025\/04\/start_back_stones-300x200.jpg 300w, https:\/\/xn--grdvedamasseuse-hlb.com\/wp-content\/uploads\/2025\/04\/start_back_stones-768x513.jpg 768w, https:\/\/xn--grdvedamasseuse-hlb.com\/wp-content\/uploads\/2025\/04\/start_back_stones-1536x1025.jpg 1536w, https:\/\/xn--grdvedamasseuse-hlb.com\/wp-content\/uploads\/2025\/04\/start_back_stones-2048x1367.jpg 2048w\" sizes=\"auto, (max-width: 1024px) 100vw, 1024px\" \/><\/figure>\n<\/div>\n\n\n\n<div class=\"wp-block-column is-layout-flow wp-block-column-is-layout-flow\">\n<figure class=\"wp-block-image size-large\"><img loading=\"lazy\" decoding=\"async\" width=\"1024\" height=\"683\" src=\"https:\/\/xn--grdvedamasseuse-hlb.com\/wp-content\/uploads\/2025\/04\/start_feets_hands-1024x683.jpg\" alt=\"\" class=\"wp-image-50\" srcset=\"https:\/\/xn--grdvedamasseuse-hlb.com\/wp-content\/uploads\/2025\/04\/start_feets_hands-1024x683.jpg 1024w, https:\/\/xn--grdvedamasseuse-hlb.com\/wp-content\/uploads\/2025\/04\/start_feets_hands-300x200.jpg 300w, https:\/\/xn--grdvedamasseuse-hlb.com\/wp-content\/uploads\/2025\/04\/start_feets_hands-768x513.jpg 768w, https:\/\/xn--grdvedamasseuse-hlb.com\/wp-content\/uploads\/2025\/04\/start_feets_hands-1536x1025.jpg 1536w, https:\/\/xn--grdvedamasseuse-hlb.com\/wp-content\/uploads\/2025\/04\/start_feets_hands-2048x1367.jpg 2048w\" sizes=\"auto, (max-width: 1024px) 100vw, 1024px\" \/><\/figure>\n<\/div>\n<\/div>\n<\/div>\n\n\n\n<div class=\"wp-block-group alignfull has-base-background-color has-background has-global-padding is-layout-constrained wp-block-group-is-layout-constrained\" style=\"margin-top:0;margin-bottom:0;padding-top:var(--wp--preset--spacing--60);padding-bottom:var(--wp--preset--spacing--60)\">\n<p class=\"has-text-align-center has-x-large-font-size\"><strong>Fr\u00e5n v\u00e5ra kunder<\/strong><\/p>\n\n\n\n<div class=\"wp-block-columns alignwide is-layout-flex wp-container-core-columns-is-layout-1d9f35bd wp-block-columns-is-layout-flex\">\n<div class=\"wp-block-column is-layout-flow wp-block-column-is-layout-flow\">\n<blockquote class=\"wp-block-quote is-layout-flow wp-block-quote-is-layout-flow\">\n<p class=\"is-style-default\"><em>Kan varmt rekommendera Rheas Massage hon \u00e4r helt underbar p\u00e5 det hon g\u00f6r. K\u00e4nner mig som en ny m\u00e4nniska efter mitt bes\u00f6k. Kommer definitivt boka en ny massage tid h\u00e4r.<\/em><\/p>\n\n\n\n<p><strong>Daniel Persson i Moheda<\/strong><\/p>\n<\/blockquote>\n<\/div>\n\n\n\n<div class=\"wp-block-column is-layout-flow wp-block-column-is-layout-flow\">\n<blockquote class=\"wp-block-quote is-layout-flow wp-block-quote-is-layout-flow\">\n<p><em>Det var verklingen en 5-stj\u00e4rnig massagebehandling med hot-stone terapi. Jag kan rekommendera till Mina v\u00e4nner att prova det.<\/em><\/p>\n\n\n\n<p><strong>Anita Andersson i Vansbro<\/strong><\/p>\n<\/blockquote>\n<\/div>\n\n\n\n<div class=\"wp-block-column is-layout-flow wp-block-column-is-layout-flow\">\n<blockquote class=\"wp-block-quote is-layout-flow wp-block-quote-is-layout-flow\">\n<p><em>Mycket professionell och trevlig.<\/em><\/p>\n\n\n\n<p><strong>Anders Andersson i V\u00e4xj\u00f6<\/strong><\/p>\n<\/blockquote>\n<\/div>\n<\/div>\n<\/div>\n","protected":false},"excerpt":{"rendered":"<p>Maximal komfort utan stress V\u00e5ra tj\u00e4nster inkluderar klassisk svensk massage, hot stone-massage, fotspa-terapi och andra skr\u00e4ddarsydda massagebehandlingar. Med fokus p\u00e5 att erbjuda en avslappnande och \u00e5terh\u00e4mtande upplevelse v\u00e4nder vi oss till b\u00e5de m\u00e4n &amp; kvinnor i alla \u00e5ldrar. V\u00e5ra tj\u00e4nster Boutique Spa Experience En exklusiv boutique-spa- upplevelse i v\u00e5r egna Friskv\u00e5rds atelj\u00e9. V\u00e5rt spa erbjuder [&hellip;]<\/p>\n","protected":false},"author":1,"featured_media":13,"parent":0,"menu_order":0,"comment_status":"closed","ping_status":"closed","template":"page-no-title","meta":{"footnotes":""},"class_list":["post-6","page","type-page","status-publish","has-post-thumbnail","hentry"],"_links":{"self":[{"href":"https:\/\/xn--grdvedamasseuse-hlb.com\/index.php?rest_route=\/wp\/v2\/pages\/6","targetHints":{"allow":["GET"]}}],"collection":[{"href":"https:\/\/xn--grdvedamasseuse-hlb.com\/index.php?rest_route=\/wp\/v2\/pages"}],"about":[{"href":"https:\/\/xn--grdvedamasseuse-hlb.com\/index.php?rest_route=\/wp\/v2\/types\/page"}],"author":[{"embeddable":true,"href":"https:\/\/xn--grdvedamasseuse-hlb.com\/index.php?rest_route=\/wp\/v2\/users\/1"}],"replies":[{"embeddable":true,"href":"https:\/\/xn--grdvedamasseuse-hlb.com\/index.php?rest_route=%2Fwp%2Fv2%2Fcomments&post=6"}],"version-history":[{"count":33,"href":"https:\/\/xn--grdvedamasseuse-hlb.com\/index.php?rest_route=\/wp\/v2\/pages\/6\/revisions"}],"predecessor-version":[{"id":85,"href":"https:\/\/xn--grdvedamasseuse-hlb.com\/index.php?rest_route=\/wp\/v2\/pages\/6\/revisions\/85"}],"wp:featuredmedia":[{"embeddable":true,"href":"https:\/\/xn--grdvedamasseuse-hlb.com\/index.php?rest_route=\/wp\/v2\/media\/13"}],"wp:attachment":[{"href":"https:\/\/xn--grdvedamasseuse-hlb.com\/index.php?rest_route=%2Fwp%2Fv2%2Fmedia&parent=6"}],"curies":[{"name":"wp","href":"https:\/\/api.w.org\/{rel}","templated":true}]}}