{"id":2,"date":"2025-04-16T13:41:24","date_gmt":"2025-04-16T13:41:24","guid":{"rendered":"https:\/\/xn--grdvedamasseuse-hlb.com\/?page_id=2"},"modified":"2025-04-23T08:25:16","modified_gmt":"2025-04-23T08:25:16","slug":"sample-page","status":"publish","type":"page","link":"https:\/\/xn--grdvedamasseuse-hlb.com\/?page_id=2","title":{"rendered":"Kontakt"},"content":{"rendered":"\n<p>Eftersom jag inte kan svara n\u00e4r jag behandlar kunder \u00e4r du v\u00e4lkommen att skicka ett mail till <a href=\"mailto:gmasseuse@gmail.com\"><strong>gmasseuse@gmail.com<\/strong><\/a><\/p>\n\n\n\n<p>Jag svarar s\u00e5 snart jag kan.<\/p>\n\n\n\n<p>Du kan ocks\u00e5 g\u00f6ra en bokning p\u00e5:<br><a href=\"https:\/\/calendly.com\/gmasseuse2024\"><strong>https:\/\/calendly.com\/gmasseuse2024<\/strong><\/a><\/p>\n\n\n\n<p>MVH<\/p>\n\n\n\n<p>Rhea<\/p>\n","protected":false},"excerpt":{"rendered":"<p>Eftersom jag inte kan svara n\u00e4r jag behandlar kunder \u00e4r du v\u00e4lkommen att skicka ett mail till gmasseuse@gmail.com Jag svarar s\u00e5 snart jag kan. Du kan ocks\u00e5 g\u00f6ra en bokning p\u00e5:https:\/\/calendly.com\/gmasseuse2024 MVH Rhea<\/p>\n","protected":false},"author":1,"featured_media":13,"parent":0,"menu_order":0,"comment_status":"closed","ping_status":"open","template":"","meta":{"footnotes":""},"class_list":["post-2","page","type-page","status-publish","has-post-thumbnail","hentry"],"_links":{"self":[{"href":"https:\/\/xn--grdvedamasseuse-hlb.com\/index.php?rest_route=\/wp\/v2\/pages\/2","targetHints":{"allow":["GET"]}}],"collection":[{"href":"https:\/\/xn--grdvedamasseuse-hlb.com\/index.php?rest_route=\/wp\/v2\/pages"}],"about":[{"href":"https:\/\/xn--grdvedamasseuse-hlb.com\/index.php?rest_route=\/wp\/v2\/types\/page"}],"author":[{"embeddable":true,"href":"https:\/\/xn--grdvedamasseuse-hlb.com\/index.php?rest_route=\/wp\/v2\/users\/1"}],"replies":[{"embeddable":true,"href":"https:\/\/xn--grdvedamasseuse-hlb.com\/index.php?rest_route=%2Fwp%2Fv2%2Fcomments&post=2"}],"version-history":[{"count":5,"href":"https:\/\/xn--grdvedamasseuse-hlb.com\/index.php?rest_route=\/wp\/v2\/pages\/2\/revisions"}],"predecessor-version":[{"id":74,"href":"https:\/\/xn--grdvedamasseuse-hlb.com\/index.php?rest_route=\/wp\/v2\/pages\/2\/revisions\/74"}],"wp:featuredmedia":[{"embeddable":true,"href":"https:\/\/xn--grdvedamasseuse-hlb.com\/index.php?rest_route=\/wp\/v2\/media\/13"}],"wp:attachment":[{"href":"https:\/\/xn--grdvedamasseuse-hlb.com\/index.php?rest_route=%2Fwp%2Fv2%2Fmedia&parent=2"}],"curies":[{"name":"wp","href":"https:\/\/api.w.org\/{rel}","templated":true}]}}